{"id":1824,"date":"2022-03-14T14:08:26","date_gmt":"2022-03-14T13:08:26","guid":{"rendered":"https:\/\/camping-balagne.com\/standorte\/"},"modified":"2025-12-10T16:31:52","modified_gmt":"2025-12-10T15:31:52","slug":"standorte","status":"publish","type":"page","link":"https:\/\/camping-balagne.com\/de\/standorte\/","title":{"rendered":"Standorte"},"content":{"rendered":"\n<section class=\"wp-container-69f50a3d77500 wp-block-group alignfull f-10--a\"><div class=\"wp-block-group__inner-container\">\n<div class=\"wp-block-cover is-light\"><span aria-hidden=\"true\" class=\"has-background-dim-0 wp-block-cover__gradient-background has-background-dim\"><\/span><img width=\"1000\" height=\"750\" class=\"wp-block-cover__image-background wp-image-3182\" alt=\"korsika camping mit zelt\" src=\"https:\/\/camping-balagne.com\/wp-content\/uploads\/2023\/02\/emplacement-tente-aout-1.webp\" style=\"object-position:53% 24%\" data-object-fit=\"cover\" data-object-position=\"53% 24%\" srcset=\"https:\/\/camping-balagne.com\/wp-content\/uploads\/2023\/02\/emplacement-tente-aout-1.webp 1000w, https:\/\/camping-balagne.com\/wp-content\/uploads\/2023\/02\/emplacement-tente-aout-1-300x225.webp 300w, https:\/\/camping-balagne.com\/wp-content\/uploads\/2023\/02\/emplacement-tente-aout-1-768x576.webp 768w\" sizes=\"(max-width: 1000px) 100vw, 1000px\" \/><div class=\"wp-block-cover__inner-container\">\n<p class=\"has-text-align-center has-large-font-size\"><\/p>\n<\/div><\/div>\n<\/div><\/section>\n\n\n\n<section class=\"wp-container-69f50a3d77dbf wp-block-group f-30\"><div class=\"wp-block-group__inner-container\">\n<div class=\"wp-block-columns\">\n<div class=\"wp-block-column\" style=\"flex-basis:50%\">\n<h1 class=\"has-text-align-left has-couleur-3-color has-text-color\" id=\"location-de-mobile-home-en-haute-corse-1\" style=\"font-size:48px\">Korsika camping mit Stellpl\u00e4tzen f\u00fcr Zelt in Haute-Corse<\/h1>\n\n\n\n<p class=\"has-couleur-1-color has-text-color\" style=\"font-size:18px\">Unser <a href=\"https:\/\/camping-balagne.com\/de\/\">Campingplatz in Belgod\u00e8re<\/a> verf\u00fcgt \u00fcber privilegierte Einrichtungen f\u00fcr Liebhaber des traditionellen Campings an einem au\u00dfergew\u00f6hnlichen Ort <strong>zwischen Meer und Bergen<\/strong>.<\/p>\n\n\n\n<h2 class=\"has-couleur-2-color has-text-color\" id=\"des-emplacements-tout-confort-et-de-qualite\" style=\"font-size:32px\">Unsere Stellpl\u00e4tze f\u00fcr Zelt in auf einem Korsika Naturcampingplatz<\/h2>\n\n\n\n<p class=\"has-couleur-1-color has-text-color\" style=\"font-size:18px\">Es erwarten Sie hochwertige Ausstattungen: ein Pool, zwei Sanit\u00e4ranlagen \u2013 eine davon komplett modernisiert mit gro\u00dfz\u00fcgigen Kabinen, Familienkabinen mit Warmwasser sowie einer barrierefreien Kabine f\u00fcr Personen mit eingeschr\u00e4nkter Mobilit\u00e4t. <strong>Waschmaschinen<\/strong> stehen Ihnen ebenfalls f\u00fcr einen angenehmen Aufenthalt zur Verf\u00fcgung. Alle <strong>Stellpl\u00e4tze des Campingplatzes auf Korsika f\u00fcr Zelte, Wohnwagen und Wohnmobile<\/strong> befinden sich im Herzen der korsischen Vegetation auf <strong>gro\u00dfen Parzellen<\/strong>. Sie liegen weit auseinander, um Ihnen den Komfort eines erfolgreichen Aufenthalts zu bieten. Verf\u00fcgbar mit Strom (10 Ampere), alle unsere Mietunterk\u00fcnfte sind mit <a href=\"https:\/\/camping-balagne.com\/de\/aktivitaeten-und-dienstleistungen\/\" data-type=\"page\" data-id=\"38\">den Dienstleistungen unseres Campingplatzes<\/a> ausgestattet. Abseits der Stra\u00dfe sind sie alle sehr friedlich.  <strong>Unser Campingplatz<\/strong> liegt nur wenige Minuten vom Dorf Belgod\u00e8re entfernt und <strong>l\u00e4dt Sie zu einer Reise ein<\/strong>. Sie k\u00f6nnen die Stadt \u00cele Rousse, das genuesische Calvi und Saint-Florent erkunden und <a href=\"https:\/\/camping-balagne.com\/de\/umgebung\/\" data-type=\"page\" data-id=\"49\">die lokalen Spezialit\u00e4ten probieren<\/a>: Figatellu, Coppa, Lonzo, Brocciu, Mandeln, Honig, korsisches Oliven\u00f6l aus Korsika. <strong>Die Stadt Bastia<\/strong> ist nur eine Autostunde von unserem Campingplatz entfernt.<\/p>\n\n\n\n<div class=\"wp-container-69f50a3d77946 wp-block-buttons\">\n<div class=\"wp-block-button has-custom-font-size btn_resa has-medium-font-size\"><a class=\"wp-block-button__link\">Kostenvoranschlag &amp; Buchung<\/a><\/div>\n<\/div>\n<\/div>\n\n\n\n<div class=\"wp-block-column\" style=\"flex-basis:50%\">\n<figure class=\"wp-block-gallery alignwide has-nested-images columns-2 is-cropped\">\n<figure class=\"wp-block-image size-full\"><img width=\"1000\" height=\"750\" src=\"https:\/\/camping-balagne.com\/wp-content\/uploads\/2023\/02\/emplacement-caravane-2.webp\" alt=\"wohnwagen auf einem zeltplatz auf korsika\" class=\"wp-image-3178\" srcset=\"https:\/\/camping-balagne.com\/wp-content\/uploads\/2023\/02\/emplacement-caravane-2.webp 1000w, https:\/\/camping-balagne.com\/wp-content\/uploads\/2023\/02\/emplacement-caravane-2-300x225.webp 300w, https:\/\/camping-balagne.com\/wp-content\/uploads\/2023\/02\/emplacement-caravane-2-768x576.webp 768w\" sizes=\"(max-width: 1000px) 100vw, 1000px\" \/><\/figure>\n\n\n\n<figure class=\"wp-block-image size-full\"><img width=\"532\" height=\"340\" src=\"https:\/\/camping-balagne.com\/wp-content\/uploads\/2023\/02\/image-16.webp\" alt=\"\" class=\"wp-image-3174\" srcset=\"https:\/\/camping-balagne.com\/wp-content\/uploads\/2023\/02\/image-16.webp 532w, https:\/\/camping-balagne.com\/wp-content\/uploads\/2023\/02\/image-16-300x192.webp 300w\" sizes=\"(max-width: 532px) 100vw, 532px\" \/><\/figure>\n\n\n\n<figure class=\"wp-block-image size-large\"><img width=\"1024\" height=\"768\" src=\"https:\/\/camping-balagne.com\/wp-content\/uploads\/2025\/10\/SANITAIRE-2025-6-2-1024x768.jpg\" alt=\"La'bel Balagne : Sanitaire 2025 6 2\" class=\"wp-image-5782\" srcset=\"https:\/\/camping-balagne.com\/wp-content\/uploads\/2025\/10\/SANITAIRE-2025-6-2-1024x768.jpg 1024w, https:\/\/camping-balagne.com\/wp-content\/uploads\/2025\/10\/SANITAIRE-2025-6-2-300x225.jpg 300w, https:\/\/camping-balagne.com\/wp-content\/uploads\/2025\/10\/SANITAIRE-2025-6-2-768x576.jpg 768w, https:\/\/camping-balagne.com\/wp-content\/uploads\/2025\/10\/SANITAIRE-2025-6-2-1536x1152.jpg 1536w, https:\/\/camping-balagne.com\/wp-content\/uploads\/2025\/10\/SANITAIRE-2025-6-2-scaled.jpg 2048w\" sizes=\"(max-width: 1024px) 100vw, 1024px\" \/><\/figure>\n<\/figure>\n<\/div>\n<\/div>\n<\/div><\/section>\n\n\n\n<section class=\"wp-container-69f50a3d782be wp-block-group alignfull f-50\"><div class=\"wp-block-group__inner-container\">\n<div class=\"wp-block-columns\">\n<div class=\"wp-block-column\" style=\"flex-basis:15vw\"><\/div>\n\n\n\n<div class=\"wp-block-column\" style=\"flex-basis:85vw\">\n<div class=\"wp-block-columns\">\n<div class=\"wp-block-column\" style=\"flex-basis:50%\">\n<h2 class=\"has-couleur-2-color has-text-color\" id=\"des-emplacements-tout-confort-et-de-qualite-1\" style=\"font-size:32px\">Komfortable und qualitativ hochwertige Stellpl\u00e4tze<\/h2>\n\n\n\n<p class=\"has-couleur-1-color has-text-color\" style=\"font-size:18px\">Alle unsere Stellpl\u00e4tze profitieren von der N\u00e4he zu Stromanschl\u00fcssen. Den Campern stehen Sanit\u00e4ranlagen mit Warmwasser und Wickelservice sowie Waschmaschinen zur Verf\u00fcgung. Jeder der <strong>Stellpl\u00e4tze auf unserem Campingplatz auf Korsika f\u00fcr Zelte, Wohnwagen und Wohnmobile<\/strong> ist mit B\u00e4umen bepflanzt.<\/p>\n\n\n\n<figure class=\"wp-block-gallery has-nested-images columns-default is-cropped\">\n<figure class=\"wp-block-image size-full\"><img width=\"1000\" height=\"750\" src=\"https:\/\/camping-balagne.com\/wp-content\/uploads\/2023\/02\/camping-car-allemand-1.webp\" alt=\"Wohnmobil Stellplatz Camping Korsika\" class=\"wp-image-3166\" srcset=\"https:\/\/camping-balagne.com\/wp-content\/uploads\/2023\/02\/camping-car-allemand-1.webp 1000w, https:\/\/camping-balagne.com\/wp-content\/uploads\/2023\/02\/camping-car-allemand-1-300x225.webp 300w, https:\/\/camping-balagne.com\/wp-content\/uploads\/2023\/02\/camping-car-allemand-1-768x576.webp 768w\" sizes=\"(max-width: 1000px) 100vw, 1000px\" \/><\/figure>\n\n\n\n<figure class=\"wp-block-image size-full\"><img width=\"1000\" height=\"563\" src=\"https:\/\/camping-balagne.com\/wp-content\/uploads\/2023\/02\/tente-sur-le-toit-optimize\u0301e.webp\" alt=\"Campingstellplatz in haute corse\" class=\"wp-image-3162\" srcset=\"https:\/\/camping-balagne.com\/wp-content\/uploads\/2023\/02\/tente-sur-le-toit-optimize\u0301e.webp 1000w, https:\/\/camping-balagne.com\/wp-content\/uploads\/2023\/02\/tente-sur-le-toit-optimize\u0301e-300x169.webp 300w, https:\/\/camping-balagne.com\/wp-content\/uploads\/2023\/02\/tente-sur-le-toit-optimize\u0301e-768x432.webp 768w\" sizes=\"(max-width: 1000px) 100vw, 1000px\" \/><\/figure>\n\n\n\n<figure class=\"wp-block-image size-full\"><img width=\"1000\" height=\"659\" src=\"https:\/\/camping-balagne.com\/wp-content\/uploads\/2023\/02\/emplacement-tente-canada-2-edited.webp\" alt=\"Stellplatz f\u00fcr ein Zelt auf dem Camping in Korsika\" class=\"wp-image-3158\" srcset=\"https:\/\/camping-balagne.com\/wp-content\/uploads\/2023\/02\/emplacement-tente-canada-2-edited.webp 1000w, https:\/\/camping-balagne.com\/wp-content\/uploads\/2023\/02\/emplacement-tente-canada-2-edited-300x198.webp 300w, https:\/\/camping-balagne.com\/wp-content\/uploads\/2023\/02\/emplacement-tente-canada-2-edited-768x506.webp 768w\" sizes=\"(max-width: 1000px) 100vw, 1000px\" \/><\/figure>\n<\/figure>\n<\/div>\n\n\n\n<div class=\"wp-block-column has-bg-1-background-color has-background\" style=\"flex-basis:50%\"><\/div>\n<\/div>\n<\/div>\n<\/div>\n<\/div><\/section>\n\n\n\n<section class=\"wp-container-69f50a3d78b1c wp-block-group f-30\"><div class=\"wp-block-group__inner-container\">\n<div class=\"wp-block-columns\">\n<div class=\"wp-block-column is-vertically-aligned-top\" style=\"flex-basis:50%\">\n<h2 class=\"has-text-align-left has-couleur-2-color has-text-color\" id=\"ubernachten-sie-auf-einem-campingplatz-auf-korsika-zwischen-meer-und-bergen\" style=\"font-size:32px\">\u00dcbernachten Sie auf einem Campingplatz auf Korsika zwischen Meer und Bergen<\/h2>\n\n\n\n<p class=\"has-text-align-left has-couleur-1-color has-text-color\" style=\"font-size:18px\">Die Campingpl\u00e4tze unserer Einrichtung auf Korsika befinden sich in einer wundersch\u00f6nen Umgebung. Sie profitieren von einer Lage zwischen Meer und Bergen. So sind Sie perfekt gelegen, um Haute-Corse und vor allem die Balagne zu entdecken.<\/p>\n\n\n\n<p class=\"has-text-align-left has-couleur-1-color has-text-color\" style=\"font-size:18px\">Auf dem Programm steht die Erkundung der St\u00e4dte und D\u00f6rfer der Umgebung. Erkunden Sie die <a href=\"https:\/\/camping-balagne.com\/de\/alentours\/monticello\/\" data-type=\"URL\" data-id=\"https:\/\/camping-balagne.com\/de\/alentours\/monticello\/\">malerischen Gassen von Monticello<\/a> und tauchen Sie ein in die authentische Atmosph\u00e4re der korsischen D\u00f6rfer. Oder wandern Sie auf den steilen Pfaden von Lumio hinauf zu den H\u00f6hen, wo Sie mit atemberaubenden Ausblicken auf das Mittelmeer belohnt werden. Liebhaber des Dolcefarniente k\u00f6nnen den <strong>feinen Sandstrand und das kristallklare Wasser von Bodri<\/strong> genie\u00dfen, die einen idyllischen Rahmen f\u00fcr einen <strong>entspannten Tag am Meer<\/strong> bieten. Im <a href=\"https:\/\/camping-balagne.com\/de\/alentours\/algajola\/\" data-type=\"URL\" data-id=\"https:\/\/camping-balagne.com\/de\/alentours\/algajola\/\">charmanten Dorf Algajola<\/a> tauchen Sie mit seinen bunten H\u00e4usern und seiner Burg in eine 100 % mediterrane Atmosph\u00e4re ein. <a href=\"https:\/\/camping-balagne.com\/de\/alentours\/camping-calvi\/\" data-type=\"alentours\" data-id=\"4649\">Calvi<\/a> ist nat\u00fcrlich ein Muss f\u00fcr jeden Besucher. Tauchen Sie ein in seine Geschichte, indem Sie seine imposante Zitadelle und seine gepflasterten Gassen besuchen, die wundersch\u00f6ne Zeugnisse seines reichen kulturellen und historischen Erbes sind.<\/p>\n\n\n\n<p class=\"has-text-align-left has-couleur-1-color has-text-color\" style=\"font-size:18px\">Ob Sie das <strong>korsische Kulturerbe<\/strong> entdecken oder sich einfach nur entspannen m\u00f6chten, in der N\u00e4he unseres <strong>Campingplatzes La&#8217;Bel Balagne<\/strong> werden Sie garantiert f\u00fcndig. Schlie\u00dflich k\u00f6nnen Sie auch einfach nur ruhige Momente der Entspannung mit Ihrer Familie im <a href=\"https:\/\/camping-balagne.com\/de\/swimmingpool\/\" data-type=\"URL\" data-id=\"https:\/\/camping-balagne.com\/de\/swimmingpool\/\">Swimmingpool unseres Campingplatzes auf Korsika<\/a> genie\u00dfen.<\/p>\n\n\n\n<div class=\"wp-container-69f50a3d786d3 wp-block-buttons\">\n<div class=\"wp-block-button has-custom-font-size btn_resa has-medium-font-size\"><a class=\"wp-block-button__link\">Jetzt buchen<\/a><\/div>\n<\/div>\n\n\n\n<div style=\"height:30px\" aria-hidden=\"true\" class=\"wp-block-spacer\"><\/div>\n<\/div>\n\n\n\n<div class=\"wp-block-column\" style=\"flex-basis:50%\">\n<figure class=\"wp-block-gallery alignwide has-nested-images columns-2 is-cropped\">\n<figure class=\"wp-block-image size-full\"><img width=\"600\" height=\"400\" src=\"https:\/\/camping-balagne.com\/wp-content\/uploads\/2024\/02\/ADO_Lumio.webp\" alt=\"Charmant village de Lumio et son clocher pr\u00e8s du camping La'Bel Balagne\" class=\"wp-image-3876\" srcset=\"https:\/\/camping-balagne.com\/wp-content\/uploads\/2024\/02\/ADO_Lumio.webp 600w, https:\/\/camping-balagne.com\/wp-content\/uploads\/2024\/02\/ADO_Lumio-300x200.webp 300w\" sizes=\"(max-width: 600px) 100vw, 600px\" \/><\/figure>\n\n\n\n<figure class=\"wp-block-image size-full is-style-default\"><img width=\"640\" height=\"400\" src=\"https:\/\/camping-balagne.com\/wp-content\/uploads\/2024\/02\/ADO_Aregno.webp\" alt=\"Le village perch\u00e9 d'Aregno pr\u00e8s du camping La'Bel Balagne\" class=\"wp-image-3906\" srcset=\"https:\/\/camping-balagne.com\/wp-content\/uploads\/2024\/02\/ADO_Aregno.webp 640w, https:\/\/camping-balagne.com\/wp-content\/uploads\/2024\/02\/ADO_Aregno-300x188.webp 300w\" sizes=\"(max-width: 640px) 100vw, 640px\" \/><\/figure>\n\n\n\n<figure class=\"wp-block-image size-full\"><img width=\"850\" height=\"638\" src=\"https:\/\/camping-balagne.com\/wp-content\/uploads\/2024\/01\/WC_Monticello.webp\" alt=\"La'bel Balagne : Wc Monticello\" class=\"wp-image-3841\" srcset=\"https:\/\/camping-balagne.com\/wp-content\/uploads\/2024\/01\/WC_Monticello.webp 850w, https:\/\/camping-balagne.com\/wp-content\/uploads\/2024\/01\/WC_Monticello-300x225.webp 300w, https:\/\/camping-balagne.com\/wp-content\/uploads\/2024\/01\/WC_Monticello-768x576.webp 768w\" sizes=\"(max-width: 850px) 100vw, 850px\" \/><\/figure>\n<\/figure>\n<\/div>\n<\/div>\n<\/div><\/section>\n","protected":false},"excerpt":{"rendered":"<p>Korsika camping mit Stellpl\u00e4tzen f\u00fcr Zelt in Haute-Corse Unser Campingplatz [&hellip;]<\/p>\n","protected":false},"author":1,"featured_media":0,"parent":0,"menu_order":0,"comment_status":"closed","ping_status":"closed","template":"","meta":[],"acf":[],"_links":{"self":[{"href":"https:\/\/camping-balagne.com\/de\/wp-json\/wp\/v2\/pages\/1824"}],"collection":[{"href":"https:\/\/camping-balagne.com\/de\/wp-json\/wp\/v2\/pages"}],"about":[{"href":"https:\/\/camping-balagne.com\/de\/wp-json\/wp\/v2\/types\/page"}],"author":[{"embeddable":true,"href":"https:\/\/camping-balagne.com\/de\/wp-json\/wp\/v2\/users\/1"}],"replies":[{"embeddable":true,"href":"https:\/\/camping-balagne.com\/de\/wp-json\/wp\/v2\/comments?post=1824"}],"version-history":[{"count":6,"href":"https:\/\/camping-balagne.com\/de\/wp-json\/wp\/v2\/pages\/1824\/revisions"}],"predecessor-version":[{"id":6015,"href":"https:\/\/camping-balagne.com\/de\/wp-json\/wp\/v2\/pages\/1824\/revisions\/6015"}],"wp:attachment":[{"href":"https:\/\/camping-balagne.com\/de\/wp-json\/wp\/v2\/media?parent=1824"}],"curies":[{"name":"wp","href":"https:\/\/api.w.org\/{rel}","templated":true}]}}