{"id":1796,"date":"2022-03-14T14:02:18","date_gmt":"2022-03-14T13:02:18","guid":{"rendered":"https:\/\/camping-balagne.com\/aktivitaeten-und-dienstleistungen\/"},"modified":"2025-12-10T16:32:10","modified_gmt":"2025-12-10T15:32:10","slug":"aktivitaeten-und-dienstleistungen","status":"publish","type":"page","link":"https:\/\/camping-balagne.com\/de\/aktivitaeten-und-dienstleistungen\/","title":{"rendered":"Aktivit\u00e4ten und Dienstleistungen"},"content":{"rendered":"\n<section class=\"wp-container-69f5ac82b32b8 wp-block-group alignfull f-10--a\"><div class=\"wp-block-group__inner-container\">\n<div class=\"wp-block-cover is-light\"><span aria-hidden=\"true\" class=\"has-background-dim-0 wp-block-cover__gradient-background has-background-dim\"><\/span><img width=\"1920\" height=\"529\" class=\"wp-block-cover__image-background wp-image-4446\" alt=\"\" src=\"https:\/\/camping-balagne.com\/wp-content\/uploads\/2024\/05\/jeux-observatoire.webp\" style=\"object-position:50% 75%\" data-object-fit=\"cover\" data-object-position=\"50% 75%\" srcset=\"https:\/\/camping-balagne.com\/wp-content\/uploads\/2024\/05\/jeux-observatoire.webp 1920w, https:\/\/camping-balagne.com\/wp-content\/uploads\/2024\/05\/jeux-observatoire-300x83.webp 300w, https:\/\/camping-balagne.com\/wp-content\/uploads\/2024\/05\/jeux-observatoire-1024x282.webp 1024w, https:\/\/camping-balagne.com\/wp-content\/uploads\/2024\/05\/jeux-observatoire-768x212.webp 768w, https:\/\/camping-balagne.com\/wp-content\/uploads\/2024\/05\/jeux-observatoire-1536x423.webp 1536w\" sizes=\"(max-width: 1920px) 100vw, 1920px\" \/><div class=\"wp-block-cover__inner-container\">\n<div class=\"wp-container-69f5ac82b2f3b wp-block-buttons\"><\/div>\n<\/div><\/div>\n<\/div><\/section>\n\n\n\n<section class=\"wp-container-69f5ac82b3825 wp-block-group f-30\"><div class=\"wp-block-group__inner-container\">\n<div class=\"wp-block-columns\">\n<div class=\"wp-block-column\" style=\"flex-basis:100%\">\n<div class=\"wp-block-columns\">\n<div class=\"wp-block-column\" style=\"flex-basis:55%\">\n<h1 class=\"has-text-align-left has-couleur-3-color has-text-color has-x-large-font-size\" id=\"location-de-mobile-home-en-haute-corse-1\">Aktivit\u00e4ten und Dienstleistungen auf unserem 3-Sterne-Campingplatz in Haute-Corse<\/h1>\n\n\n\n<p class=\"has-typo-color has-text-color\">Unser Campingplatz La&#8217;Bel Balagne, ein 3-Sterne-Campingplatz in Haute-Corse, bietet Ihnen Aktivit\u00e4ten sowie Dienstleistungen direkt vor Ort an, um Ihnen einen qualitativ hochwertigen Aufenthalt zu gew\u00e4hrleisten.<\/p>\n\n\n\n<figure class=\"wp-block-gallery aligncenter has-nested-images columns-default is-cropped\">\n<figure class=\"wp-block-image size-large\"><img width=\"1024\" height=\"608\" src=\"https:\/\/camping-balagne.com\/wp-content\/uploads\/2025\/10\/city-stade-3-2-1024x608.webp\" alt=\"La'bel Balagne : City Stade 3 2\" class=\"wp-image-5670\" srcset=\"https:\/\/camping-balagne.com\/wp-content\/uploads\/2025\/10\/city-stade-3-2-1024x608.webp 1024w, https:\/\/camping-balagne.com\/wp-content\/uploads\/2025\/10\/city-stade-3-2-300x178.webp 300w, https:\/\/camping-balagne.com\/wp-content\/uploads\/2025\/10\/city-stade-3-2-768x456.webp 768w, https:\/\/camping-balagne.com\/wp-content\/uploads\/2025\/10\/city-stade-3-2.webp 1280w\" sizes=\"(max-width: 1024px) 100vw, 1024px\" \/><\/figure>\n<\/figure>\n<\/div>\n\n\n\n<div class=\"wp-block-column is-vertically-aligned-center\" style=\"flex-basis:43%\">\n<h2 class=\"has-couleur-1-color has-text-color\" id=\"des-emplacements-tout-confort-et-de-qualite\" style=\"font-size:32px\">Aktivit\u00e4ten f\u00fcr die ganze Familie<\/h2>\n\n\n\n<p class=\"has-typo-color has-text-color\" style=\"font-size:18px\">Unser<a href=\"https:\/\/camping-balagne.com\/de\/\" data-type=\"page\" data-id=\"1788\"> Campingplatz La&#8217;Bel Balagne<\/a> ist ein Familiencampingplatz, der auf der Ruhe und der Wiederentdeckung der Natur basiert. W\u00e4hrend Ihres Aufenthalts k\u00f6nnen Sie vom Bouleplatz, dem neuen City-Stadion und dem Tennisplatz profitieren. Unser Campingplatz ist ein Ort der Erholung f\u00fcr Familien oder Paare und legt Wert auf sinnvolle Aktivit\u00e4ten.<\/p>\n\n\n\n<p class=\"has-typo-color has-text-color\" style=\"font-size:18px\">Weil uns Aktivit\u00e4ten f\u00fcr Kinder wichtig sind, haben wir einen Spielplatz eingerichtet, Tischtennisplatten aufgestellt und eine H\u00fcpfburg (Juli und August) aufgestellt, damit sie sich am\u00fcsieren k\u00f6nnen. Einfache Aktivit\u00e4ten f\u00fcr die ganze Familie, das ist unser Motto.<\/p>\n\n\n\n<p class=\"has-typo-color has-text-color\" style=\"font-size:18px\">Machen Sie in der N\u00e4he unserer Einrichtung einen Ausritt, um einzigartige Momente f\u00fcr Kinder und Erwachsene am Meer zu erleben. Entdecken Sie auch das Schwimmen im Meer in den Gew\u00e4ssern des Strandes von Lozari bei Sonnenuntergang (Reitzentrum Cavall&#8217;in in Losari oder Tourismuszentrum Arbo Valley).<\/p>\n<\/div>\n<\/div>\n<\/div>\n<\/div>\n<\/div><\/section>\n\n\n\n<section class=\"wp-container-69f5ac82b3cf9 wp-block-group alignfull f-60\"><div class=\"wp-block-group__inner-container\">\n<div class=\"wp-block-columns\">\n<div class=\"wp-block-column\" style=\"flex-basis:25vw\">\n<ul class=\"has-couleur-1-color has-text-color\" style=\"font-size:18px\"><li><i class=\"fal fa-chess-rook\"><\/i>  Aufblasbares Spiel<\/li><li><i class=\"fal fa-racquet\"><\/i>  Tennisplatz<\/li><li><i class=\"fal fa-volleyball-ball\"><\/i>  Spielplatz<\/li><\/ul>\n<\/div>\n\n\n\n<div class=\"wp-block-column\" style=\"flex-basis:70vw\">\n<figure class=\"wp-block-gallery has-nested-images columns-default is-cropped\">\n<figure class=\"wp-block-image size-full\"><img width=\"764\" height=\"430\" src=\"https:\/\/camping-balagne.com\/wp-content\/uploads\/2024\/05\/TENNIS-2-1-1024x576-1.webp\" alt=\"\" class=\"wp-image-4468\" srcset=\"https:\/\/camping-balagne.com\/wp-content\/uploads\/2024\/05\/TENNIS-2-1-1024x576-1.webp 764w, https:\/\/camping-balagne.com\/wp-content\/uploads\/2024\/05\/TENNIS-2-1-1024x576-1-300x169.webp 300w\" sizes=\"(max-width: 764px) 100vw, 764px\" \/><\/figure>\n\n\n\n<figure class=\"wp-block-image size-full\"><img width=\"667\" height=\"500\" src=\"https:\/\/camping-balagne.com\/wp-content\/uploads\/2025\/06\/jeux-observatoire.webp\" alt=\"\" class=\"wp-image-5525\" srcset=\"https:\/\/camping-balagne.com\/wp-content\/uploads\/2025\/06\/jeux-observatoire.webp 667w, https:\/\/camping-balagne.com\/wp-content\/uploads\/2025\/06\/jeux-observatoire-300x225.webp 300w\" sizes=\"(max-width: 667px) 100vw, 667px\" \/><\/figure>\n\n\n\n<figure class=\"wp-block-image size-full\"><img width=\"573\" height=\"430\" src=\"https:\/\/camping-balagne.com\/wp-content\/uploads\/2024\/05\/JEUX-GONFLABLE-juin-1024x768-1.webp\" alt=\"\" class=\"wp-image-4460\" srcset=\"https:\/\/camping-balagne.com\/wp-content\/uploads\/2024\/05\/JEUX-GONFLABLE-juin-1024x768-1.webp 573w, https:\/\/camping-balagne.com\/wp-content\/uploads\/2024\/05\/JEUX-GONFLABLE-juin-1024x768-1-300x225.webp 300w\" sizes=\"(max-width: 573px) 100vw, 573px\" \/><\/figure>\n<\/figure>\n<\/div>\n<\/div>\n<\/div><\/section>\n\n\n\n<section class=\"wp-container-69f5ac82b4207 wp-block-group f-70\"><div class=\"wp-block-group__inner-container\">\n<div class=\"wp-block-columns\">\n<div class=\"wp-block-column\" style=\"flex-basis:50%\">\n<h2 class=\"has-couleur-2-color has-text-color\" id=\"la-corse-convivialite-et-partage\" style=\"font-size:32px\">Korsika, Geselligkeit und Teilen<\/h2>\n\n\n\n<p class=\"has-couleur-1-color has-text-color\" style=\"font-size:18px\">F\u00fcr Ihren Aufenthalt stellen wir Ihnen <strong>Waschmaschinen<\/strong>, Sanit\u00e4ranlagen, ein <strong>Babyset<\/strong> mit Bett, Hochstuhl und Badewanne zur Verf\u00fcgung sowie die Vermietung von Bettw\u00e4sche und Handt\u00fcchern (optional) f\u00fcr Ihre Unterkunft. Wir bieten Ihnen w\u00e4hrend Ihres Aufenthalts einen hochwertigen Service. Kommen Sie zu uns, wir haben f\u00fcr alles eine L\u00f6sung.<\/p>\n\n\n\n<h3 class=\"has-couleur-3-color has-text-color\" id=\"des-services-de-qualite-pour-tous\" style=\"font-size:24px\">QUALITATIV HOCHWERTIGE DIENSTLEISTUNGEN F\u00dcR ALLE<\/h3>\n\n\n\n<p class=\"has-couleur-1-color has-text-color\" style=\"font-size:18px\">Um Ihren Urlaub in aller Ruhe zu genie\u00dfen, bieten wir Ihnen den Fr\u00fchst\u00fccksservice sowie den <strong>Br\u00f6tchenservice<\/strong> (Mitte Juni bis Anfang September) an. An drei Abenden in der Woche bereitet der <strong>Foodtruck<\/strong> &#8220;<strong>Cyril Pizza&#8221; Burger oder Pizzen<\/strong> f\u00fcr Sie zu!<\/p>\n<\/div>\n\n\n\n<div class=\"wp-block-column\" style=\"flex-basis:50%\">\n<figure class=\"wp-block-gallery has-nested-images columns-2 is-cropped\">\n<figure class=\"wp-block-image size-full\"><img width=\"450\" height=\"300\" src=\"https:\/\/camping-balagne.com\/wp-content\/uploads\/2024\/05\/istockphoto-1182137058-612x612-1.webp\" alt=\"\" class=\"wp-image-4456\" srcset=\"https:\/\/camping-balagne.com\/wp-content\/uploads\/2024\/05\/istockphoto-1182137058-612x612-1.webp 450w, https:\/\/camping-balagne.com\/wp-content\/uploads\/2024\/05\/istockphoto-1182137058-612x612-1-300x200.webp 300w\" sizes=\"(max-width: 450px) 100vw, 450px\" \/><\/figure>\n\n\n\n<figure class=\"wp-block-image size-full\"><img width=\"450\" height=\"300\" src=\"https:\/\/camping-balagne.com\/wp-content\/uploads\/2024\/05\/istockphoto-1179742816-612x612-1.webp\" alt=\"\" class=\"wp-image-4452\" srcset=\"https:\/\/camping-balagne.com\/wp-content\/uploads\/2024\/05\/istockphoto-1179742816-612x612-1.webp 450w, https:\/\/camping-balagne.com\/wp-content\/uploads\/2024\/05\/istockphoto-1179742816-612x612-1-300x200.webp 300w\" sizes=\"(max-width: 450px) 100vw, 450px\" \/><\/figure>\n\n\n\n<figure class=\"wp-block-image size-full\"><img width=\"600\" height=\"387\" src=\"https:\/\/camping-balagne.com\/wp-content\/uploads\/2025\/06\/10-11-24-plage-chevaux-3.webp\" alt=\"\" class=\"wp-image-5529\" srcset=\"https:\/\/camping-balagne.com\/wp-content\/uploads\/2025\/06\/10-11-24-plage-chevaux-3.webp 600w, https:\/\/camping-balagne.com\/wp-content\/uploads\/2025\/06\/10-11-24-plage-chevaux-3-300x194.webp 300w\" sizes=\"(max-width: 600px) 100vw, 600px\" \/><\/figure>\n<\/figure>\n<\/div>\n<\/div>\n<\/div><\/section>\n\n\n\n<div class=\"wp-container-69f5ac82b4950 wp-block-group f-40--b has-bg-1-background-color has-background\"><div class=\"wp-block-group__inner-container\">\n<h2 class=\"has-text-align-center has-couleur-2-color has-text-color\" id=\"decouvrir-la-corse-et-toute-sa-beaute\" style=\"font-size:32px\">Korsika in seiner ganzen Sch\u00f6nheit entdecken<\/h2>\n\n\n\n<div class=\"wp-block-columns\">\n<div class=\"wp-block-column\">\n<p class=\"has-text-align-left has-couleur-1-color has-text-color\" style=\"font-size:18px\">Wenn Sie einfache Momente mit der Familie oder zu zweit teilen m\u00f6chten, entdecken Sie unsere Region Balagne. Das Meer ist 1,5 Kilometer entfernt, es gibt \u00fcberall Wanderwege, auf denen Sie spazieren gehen k\u00f6nnen.<\/p>\n\n\n\n<p class=\"has-text-align-left has-couleur-1-color has-text-color\" style=\"font-size:18px\">Die St\u00e4dte Saint-Florent, die <a href=\"https:\/\/camping-balagne.com\/de\/alentours\/camping-calvi\/\" data-type=\"alentours\" data-id=\"4649\">Zitadelle von Calvi<\/a> oder die kleinen typischen <strong>korsischen<\/strong> D\u00f6rfer (Montegrosso, Aregno oder Lumio) erm\u00f6glichen es Ihnen, <strong>unsere korsischen Landschaften zu entdecken<\/strong>.<\/p>\n<\/div>\n\n\n\n<div class=\"wp-block-column\">\n<p class=\"has-couleur-1-color has-text-color\" style=\"font-size:18px\">W\u00e4hrend Ihres Aufenthalts auf unserem <strong>Campingplatz in Korsika mit Kindern<\/strong> wird Ihnen keine Zeit f\u00fcr Langeweile bleiben.<\/p>\n\n\n\n<div class=\"wp-container-69f5ac82b462c wp-block-buttons\">\n<div class=\"wp-block-button has-custom-font-size is-style-outline titre noborder has-medium-font-size\"><a class=\"wp-block-button__link has-couleur-3-color has-text-color\" href=\"https:\/\/camping-balagne.com\/de\/umgebung\/\">Entdecken Sie die Region<\/a><\/div>\n<\/div>\n<\/div>\n<\/div>\n<\/div><\/div>\n","protected":false},"excerpt":{"rendered":"<p>Aktivit\u00e4ten und Dienstleistungen auf unserem 3-Sterne-Campingplatz in Haute-Corse Unser Campingplatz [&hellip;]<\/p>\n","protected":false},"author":1,"featured_media":0,"parent":0,"menu_order":0,"comment_status":"closed","ping_status":"closed","template":"","meta":[],"acf":[],"_links":{"self":[{"href":"https:\/\/camping-balagne.com\/de\/wp-json\/wp\/v2\/pages\/1796"}],"collection":[{"href":"https:\/\/camping-balagne.com\/de\/wp-json\/wp\/v2\/pages"}],"about":[{"href":"https:\/\/camping-balagne.com\/de\/wp-json\/wp\/v2\/types\/page"}],"author":[{"embeddable":true,"href":"https:\/\/camping-balagne.com\/de\/wp-json\/wp\/v2\/users\/1"}],"replies":[{"embeddable":true,"href":"https:\/\/camping-balagne.com\/de\/wp-json\/wp\/v2\/comments?post=1796"}],"version-history":[{"count":6,"href":"https:\/\/camping-balagne.com\/de\/wp-json\/wp\/v2\/pages\/1796\/revisions"}],"predecessor-version":[{"id":6016,"href":"https:\/\/camping-balagne.com\/de\/wp-json\/wp\/v2\/pages\/1796\/revisions\/6016"}],"wp:attachment":[{"href":"https:\/\/camping-balagne.com\/de\/wp-json\/wp\/v2\/media?parent=1796"}],"curies":[{"name":"wp","href":"https:\/\/api.w.org\/{rel}","templated":true}]}}